{"id":12,"date":"2016-07-14T12:01:37","date_gmt":"2016-07-14T12:01:37","guid":{"rendered":"http:\/\/music4lovers.de\/?page_id=12"},"modified":"2022-10-26T20:36:19","modified_gmt":"2022-10-26T20:36:19","slug":"veranstaltungen","status":"publish","type":"page","link":"http:\/\/music4lovers.de\/en\/veranstaltungen\/","title":{"rendered":"Events"},"content":{"rendered":"<p><div class=\"fusion-fullwidth fullwidth-box fusion-builder-row-1 fusion-flex-container nonhundred-percent-fullwidth non-hundred-percent-height-scrolling\" style=\"background-color: #323844;background-position: left top;background-repeat: no-repeat;border-width: 0px 0px 0px 0px;border-color:#ffffff;border-style:solid;\" ><div class=\"fusion-builder-row fusion-row fusion-flex-align-items-stretch\" style=\"max-width:1300px;margin-left: calc(-4% \/ 2 );margin-right: calc(-4% \/ 2 );\"><div class=\"fusion-layout-column fusion_builder_column fusion-builder-column-0 fusion_builder_column_1_1 1_1 fusion-flex-column\"><div class=\"fusion-column-wrapper fusion-flex-justify-content-flex-start fusion-content-layout-column\" style=\"background-position:left top;background-repeat:no-repeat;-webkit-background-size:cover;-moz-background-size:cover;-o-background-size:cover;background-size:cover;padding: 0px 0px 50px 0px;\"><\/div><style type=\"text\/css\">.fusion-body .fusion-builder-column-0{width:100% !important;margin-top : 0px;margin-bottom : 40px;}.fusion-builder-column-0 > .fusion-column-wrapper {padding-top : 0px !important;padding-right : 0px !important;margin-right : 1.92%;padding-bottom : 50px !important;padding-left : 0px !important;margin-left : 1.92%;}@media only screen and (max-width:1024px) {.fusion-body .fusion-builder-column-0{width:100% !important;}.fusion-builder-column-0 > .fusion-column-wrapper {margin-right : 1.92%;margin-left : 1.92%;}}@media only screen and (max-width:640px) {.fusion-body .fusion-builder-column-0{width:100% !important;}.fusion-builder-column-0 > .fusion-column-wrapper {margin-right : 1.92%;margin-left : 1.92%;}}<\/style><\/div><div class=\"fusion-layout-column fusion_builder_column fusion-builder-column-1 fusion_builder_column_1_2 1_2 fusion-flex-column fusion-column-inner-bg-wrapper\"><div class=\"fusion-column-wrapper fusion-flex-justify-content-flex-start fusion-content-layout-column\" style=\"padding: 0px 0px 0px 0px;\"><div ><span class=\"fusion-imageframe imageframe-none imageframe-1 hover-type-zoomin\"><img decoding=\"async\" width=\"990\" height=\"692\" title=\"WhatsApp Image 2020-11-02 at 6.59.09 PM\" src=\"http:\/\/music4lovers.de\/wp-content\/uploads\/2020\/10\/WhatsApp-Image-2020-11-02-at-6.59.09-PM.jpeg\" class=\"img-responsive wp-image-1398\" srcset=\"http:\/\/music4lovers.de\/wp-content\/uploads\/2020\/10\/WhatsApp-Image-2020-11-02-at-6.59.09-PM-200x140.jpeg 200w, http:\/\/music4lovers.de\/wp-content\/uploads\/2020\/10\/WhatsApp-Image-2020-11-02-at-6.59.09-PM-400x280.jpeg 400w, http:\/\/music4lovers.de\/wp-content\/uploads\/2020\/10\/WhatsApp-Image-2020-11-02-at-6.59.09-PM-600x419.jpeg 600w, http:\/\/music4lovers.de\/wp-content\/uploads\/2020\/10\/WhatsApp-Image-2020-11-02-at-6.59.09-PM-800x559.jpeg 800w, http:\/\/music4lovers.de\/wp-content\/uploads\/2020\/10\/WhatsApp-Image-2020-11-02-at-6.59.09-PM.jpeg 990w\" sizes=\"(max-width: 1024px) 100vw, (max-width: 640px) 100vw, 600px\" \/><\/span><\/div><\/div><span class=\"fusion-column-inner-bg hover-type-zoomin\"><a class=\"fusion-column-anchor\"><span class=\"fusion-column-inner-bg-image\" style=\"background-position:left top;background-repeat:no-repeat;-webkit-background-size:cover;-moz-background-size:cover;-o-background-size:cover;background-size:cover;\"><\/span><\/a><\/span><style type=\"text\/css\">.fusion-body .fusion-builder-column-1{width:50% !important;margin-top : 0px;margin-bottom : 45px;}.fusion-builder-column-1 > .fusion-column-wrapper {padding-top : 0px !important;padding-right : 0px !important;margin-right : 3.84%;padding-bottom : 0px !important;padding-left : 0px !important;margin-left : 3.84%;}.fusion-flex-container .fusion-row .fusion-builder-column-1 > .fusion-column-inner-bg { margin-right:3.84%;margin-left:3.84%; }@media only screen and (max-width:1024px) {.fusion-body .fusion-builder-column-1{width:100% !important;margin-bottom : 48px;}.fusion-builder-column-1 > .fusion-column-wrapper {margin-right : 1.92%;margin-left : 1.92%;}.fusion-flex-container .fusion-row .fusion-builder-column-1 > .fusion-column-inner-bg { margin-right:1.92%;margin-left:1.92%; }}@media only screen and (max-width:640px) {.fusion-body .fusion-builder-column-1{width:100% !important;}.fusion-builder-column-1 > .fusion-column-wrapper {margin-right : 1.92%;margin-left : 1.92%;}.fusion-flex-container .fusion-row .fusion-builder-column-1 > .fusion-column-inner-bg { margin-right:1.92%;margin-left:1.92%; }}<\/style><\/div><div class=\"fusion-layout-column fusion_builder_column fusion-builder-column-2 fusion_builder_column_1_2 1_2 fusion-flex-column\"><div class=\"fusion-column-wrapper fusion-flex-justify-content-flex-start fusion-content-layout-column\" style=\"background-position:left top;background-repeat:no-repeat;-webkit-background-size:cover;-moz-background-size:cover;-o-background-size:cover;background-size:cover;padding: 0px 0px 0px 0px;\"><style type=\"text\/css\">@media only screen and (max-width:1024px) {.fusion-title.fusion-title-1{margin-top:0px!important; margin-right:0px!important;margin-bottom:30px!important;margin-left:0px!important;}}@media only screen and (max-width:640px) {.fusion-title.fusion-title-1{margin-top:0px!important; margin-right:0px!important;margin-bottom:30px!important; margin-left:0px!important;}}<\/style><div class=\"fusion-title title fusion-title-1 fusion-title-text fusion-title-size-two\" style=\"margin-top:0px;margin-right:0px;margin-bottom:30px;margin-left:0px;\"><div class=\"title-sep-container title-sep-container-left fusion-no-large-visibility fusion-no-medium-visibility fusion-no-small-visibility\"><div class=\"title-sep sep-\" style=\"border-color:#323844;\"><\/div><\/div><h2 class=\"title-heading-left\" style=\"margin:0;line-height:1;\"><h3><b><i>With the Mediterranean joie de vivre, every audience is cast under our spell!<\/i><\/b><\/h3><\/h2><div class=\"title-sep-container title-sep-container-right\"><div class=\"title-sep sep-\" style=\"border-color:#323844;\"><\/div><\/div><\/div><div class=\"fusion-text fusion-text-1\"><p class=\"translation-block\"><i>Die unersch\u00f6pfliche Anzahl der Titel die wir darbieten k\u00f6nnen, erm\u00f6glicht uns immer ein Programm zu gestalten, das perfekt auf die Bed\u00fcrfnisse unserer Business<span class=\"Apple-converted-space\">&nbsp; <\/span>Partner, sei es eine Firma oder seien Privatkunden zugeschnitten wird.&nbsp;<\/i><i>Zusammen k\u00f6nnen wir die richtige Atmosph\u00e4re schaffen, in der Menschen die gemeinsame Zeit am sch\u00f6nsten genie\u00dfen k\u00f6nnen.<\/i><\/p>\n<\/div><\/div><style type=\"text\/css\">.fusion-body .fusion-builder-column-2{width:50% !important;margin-top : 0px;margin-bottom : 0px;}.fusion-builder-column-2 > .fusion-column-wrapper {padding-top : 0px !important;padding-right : 0px !important;margin-right : 3.84%;padding-bottom : 0px !important;padding-left : 0px !important;margin-left : 3.84%;}@media only screen and (max-width:1024px) {.fusion-body .fusion-builder-column-2{width:100% !important;}.fusion-builder-column-2 > .fusion-column-wrapper {margin-right : 1.92%;margin-left : 1.92%;}}@media only screen and (max-width:640px) {.fusion-body .fusion-builder-column-2{width:100% !important;}.fusion-builder-column-2 > .fusion-column-wrapper {margin-right : 1.92%;margin-left : 1.92%;}}<\/style><\/div><\/div><style type=\"text\/css\">.fusion-body .fusion-flex-container.fusion-builder-row-1{ padding-top : 0px;margin-top : 0px;padding-right : 0px;padding-bottom : 110px;margin-bottom : 0px;padding-left : 0px;}@media only screen and (max-width:640px) {.fusion-body .fusion-flex-container.fusion-builder-row-1{ padding-bottom : 90px;}}<\/style><\/div><div class=\"fusion-fullwidth fullwidth-box fusion-builder-row-2 fusion-flex-container nonhundred-percent-fullwidth non-hundred-percent-height-scrolling\" style=\"background-color: #252a33;background-position: left top;background-repeat: no-repeat;border-width: 0px 0px 0px 0px;border-color:#ffffff;border-style:solid;\" ><div class=\"fusion-builder-row fusion-row fusion-flex-align-items-flex-start\" style=\"max-width:calc( 1250px + 0px );margin-left: calc(-0px \/ 2 );margin-right: calc(-0px \/ 2 );\"><div class=\"fusion-layout-column fusion_builder_column fusion-builder-column-3 fusion_builder_column_1_1 1_1 fusion-flex-column\"><div class=\"fusion-column-wrapper fusion-flex-justify-content-flex-start fusion-content-layout-column\" style=\"background-position:left top;background-repeat:no-repeat;-webkit-background-size:cover;-moz-background-size:cover;-o-background-size:cover;background-size:cover;padding: 0px 4% 0px 4%;\"><style type=\"text\/css\">#accordion-12-1 .fusion-panel:hover, #accordion-12-1 .fusion-panel.hover{ background-color: #373d4a } #accordion-12-1 .fusion-panel { border-color:#323844; border-width:0px; background-color:#323844; }.fusion-accordian  #accordion-12-1 .panel-title a .fa-fusion-box{ color: #ffffff;}.fusion-accordian  #accordion-12-1 .panel-title a .fa-fusion-box:before{ font-size: 13px; width: 13px;}.fusion-accordian  #accordion-12-1 .panel-title a{font-size:17px;}.fusion-accordian  #accordion-12-1 .fa-fusion-box { background-color: #000000;border-color: #000000;}.fusion-accordian  #accordion-12-1 .panel-title a:hover, #accordion-12-1 .fusion-toggle-boxed-mode:hover .panel-title a { color: #e0cb9c;}.fusion-accordian  #accordion-12-1 .panel-title .active .fa-fusion-box,.fusion-accordian  #accordion-12-1 .panel-title a:hover .fa-fusion-box { background-color: #e0cb9c!important;border-color: #e0cb9c!important;}<\/style><div class=\"accordian fusion-accordian\"><div class=\"panel-group\" id=\"accordion-12-1\"><div class=\"fusion-panel panel-default fusion-toggle-no-divider fusion-toggle-boxed-mode\"><div class=\"panel-heading\"><h4 class=\"panel-title toggle\"><a aria-expanded=\"false\" aria-controls=\"399c7bc6708968487\" role=\"button\" data-toggle=\"collapse\" data-parent=\"#accordion-12-1\" data-target=\"#399c7bc6708968487\" href=\"#399c7bc6708968487\"><span class=\"fusion-toggle-icon-wrapper\" aria-hidden=\"true\"><i class=\"fa-fusion-box\" aria-hidden=\"true\"><\/i><\/span><span class=\"fusion-toggle-heading\">Coming soon..<\/span><\/a><\/h4><\/div><div id=\"399c7bc6708968487\" class=\"panel-collapse collapse\"><div class=\"panel-body toggle-content fusion-clearfix\">\n<p>Coming soon..<\/p>\n<\/div><\/div><\/div><div class=\"fusion-panel panel-default fusion-toggle-no-divider fusion-toggle-boxed-mode\"><div class=\"panel-heading\"><h4 class=\"panel-title toggle\"><a aria-expanded=\"false\" aria-controls=\"fe11c499187e726ee\" role=\"button\" data-toggle=\"collapse\" data-parent=\"#accordion-12-1\" data-target=\"#fe11c499187e726ee\" href=\"#fe11c499187e726ee\"><span class=\"fusion-toggle-icon-wrapper\" aria-hidden=\"true\"><i class=\"fa-fusion-box\" aria-hidden=\"true\"><\/i><\/span><span class=\"fusion-toggle-heading\">Coming soon..<\/span><\/a><\/h4><\/div><div id=\"fe11c499187e726ee\" class=\"panel-collapse collapse\"><div class=\"panel-body toggle-content fusion-clearfix\">\n<h4 style=\"text-align: left;\">Coming soon..<\/h4>\n<\/div><\/div><\/div><\/div><\/div>\n<style type='text\/css'>.reading-box-container-1 .element-bottomshadow:before,.reading-box-container-1 .element-bottomshadow:after{opacity:0.7;}<\/style><div class=\"fusion-reading-box-container reading-box-container-1\" style=\"margin-top:0px;margin-bottom:84px;\"><div class=\"reading-box\" style=\"background-color:#323844;border-width:1px;border-color:rgba(255,255,255,0);border-top-width:3px;border-top-color:var(--primary_color);border-style:solid;\"><div class=\"reading-box-description\">In Times of  Covid 19  we were forced to cancel all concerts and events. So please check the men\u00fc EVENTS to see if or when events will take place. We update the Events area  regularly. \nStay healthy. Love Giac &amp; Marc<\/div><div class=\"fusion-clearfix\"><\/div><\/div><\/div><\/div><style type=\"text\/css\">.fusion-body .fusion-builder-column-3{width:100% !important;margin-top : 0px;margin-bottom : 0px;}.fusion-builder-column-3 > .fusion-column-wrapper {padding-top : 0px !important;padding-right : 4% !important;margin-right : 0px;padding-bottom : 0px !important;padding-left : 4% !important;margin-left : 0px;}@media only screen and (max-width:1024px) {.fusion-body .fusion-builder-column-3{width:100% !important;}.fusion-builder-column-3 > .fusion-column-wrapper {margin-right : 0px;margin-left : 0px;}}@media only screen and (max-width:640px) {.fusion-body .fusion-builder-column-3{width:100% !important;}.fusion-builder-column-3 > .fusion-column-wrapper {margin-right : 0px;margin-left : 0px;}}<\/style><\/div><\/div><style type=\"text\/css\">.fusion-body .fusion-flex-container.fusion-builder-row-2{ padding-top : 110px;margin-top : 0px;padding-right : 0px;padding-bottom : 120px;margin-bottom : 0px;padding-left : 0px;}@media only screen and (max-width:640px) {.fusion-body .fusion-flex-container.fusion-builder-row-2{ padding-top : 80px;padding-bottom : 80px;}}<\/style><\/div><div class=\"fusion-bg-parallax\" data-bg-align=\"center center\" data-direction=\"up\" data-mute=\"false\" data-opacity=\"100\" data-velocity=\"-0.3\" data-mobile-enabled=\"true\" data-break_parents=\"0\" data-bg-image=\"http:\/\/music4lovers.de\/wp-content\/uploads\/2020\/10\/xx.jpg\" data-bg-repeat=\"false\" ><\/div><div class=\"fusion-fullwidth fullwidth-box fusion-builder-row-3 fusion-flex-container fusion-parallax-up nonhundred-percent-fullwidth non-hundred-percent-height-scrolling\" style=\"background-color: rgba(255,255,255,0);background-image: url(&quot;http:\/\/music4lovers.de\/wp-content\/uploads\/2020\/10\/xx.jpg&quot;);background-position: center center;background-repeat: no-repeat;border-width: 0px 0px 0px 0px;border-color:#ffffff;border-style:solid;-webkit-background-size:cover;-moz-background-size:cover;-o-background-size:cover;background-size:cover;\" ><div class=\"fusion-builder-row fusion-row fusion-flex-align-items-flex-start fusion-flex-justify-content-center\" style=\"max-width:1300px;margin-left: calc(-4% \/ 2 );margin-right: calc(-4% \/ 2 );\"><div class=\"fusion-layout-column fusion_builder_column fusion-builder-column-4 fusion_builder_column_1_6 1_6 fusion-flex-column fusion-no-small-visibility fusion-no-medium-visibility\"><div class=\"fusion-column-wrapper fusion-flex-justify-content-flex-start fusion-content-layout-column\" style=\"background-position:left top;background-repeat:no-repeat;-webkit-background-size:cover;-moz-background-size:cover;-o-background-size:cover;background-size:cover;padding: 0px 0px 0px 0px;\"><\/div><style type=\"text\/css\">.fusion-body .fusion-builder-column-4{width:16.666666666667% !important;margin-top : 0px;margin-bottom : 0px;}.fusion-builder-column-4 > .fusion-column-wrapper {padding-top : 0px !important;padding-right : 0px !important;margin-right : 11.52%;padding-bottom : 0px !important;padding-left : 0px !important;margin-left : 11.52%;}@media only screen and (max-width:1024px) {.fusion-body .fusion-builder-column-4{width:100% !important;}.fusion-builder-column-4 > .fusion-column-wrapper {margin-right : 1.92%;margin-left : 1.92%;}}@media only screen and (max-width:640px) {.fusion-body .fusion-builder-column-4{width:100% !important;}.fusion-builder-column-4 > .fusion-column-wrapper {margin-right : 1.92%;margin-left : 1.92%;}}<\/style><\/div><div class=\"fusion-layout-column fusion_builder_column fusion-builder-column-5 fusion_builder_column_2_3 2_3 fusion-flex-column\"><div class=\"fusion-column-wrapper fusion-flex-justify-content-flex-start fusion-content-layout-column\" style=\"background-position:left top;background-repeat:no-repeat;-webkit-background-size:cover;-moz-background-size:cover;-o-background-size:cover;background-size:cover;padding: 0px 0px 0px 0px;\"><div class=\"fusion-text fusion-text-2\"><h4>&#8222;Lean your body forward slightly to support the guitar against your chest, for the poetry of the music should resound in your heart.&#8220;<\/h4>\n<\/div><div class=\"fusion-separator fusion-full-width-sep\" style=\"align-self: center;margin-left: auto;margin-right: auto;margin-top:20px;width:100%;\"><\/div><\/div><style type=\"text\/css\">.fusion-body .fusion-builder-column-5{width:66.666666666667% !important;margin-top : 0px;margin-bottom : 0px;}.fusion-builder-column-5 > .fusion-column-wrapper {padding-top : 0px !important;padding-right : 0px !important;margin-right : 2.88%;padding-bottom : 0px !important;padding-left : 0px !important;margin-left : 2.88%;}@media only screen and (max-width:1024px) {.fusion-body .fusion-builder-column-5{width:80% !important;}.fusion-builder-column-5 > .fusion-column-wrapper {margin-right : 2.4%;margin-left : 2.4%;}}@media only screen and (max-width:640px) {.fusion-body .fusion-builder-column-5{width:100% !important;}.fusion-builder-column-5 > .fusion-column-wrapper {margin-right : 1.92%;margin-left : 1.92%;}}<\/style><\/div><div class=\"fusion-layout-column fusion_builder_column fusion-builder-column-6 fusion_builder_column_1_6 1_6 fusion-flex-column fusion-no-small-visibility fusion-no-medium-visibility\"><div class=\"fusion-column-wrapper fusion-flex-justify-content-flex-start fusion-content-layout-column\" style=\"background-position:left top;background-repeat:no-repeat;-webkit-background-size:cover;-moz-background-size:cover;-o-background-size:cover;background-size:cover;padding: 0px 0px 0px 0px;\"><\/div><style type=\"text\/css\">.fusion-body .fusion-builder-column-6{width:16.666666666667% !important;margin-top : 0px;margin-bottom : 0px;}.fusion-builder-column-6 > .fusion-column-wrapper {padding-top : 0px !important;padding-right : 0px !important;margin-right : 11.52%;padding-bottom : 0px !important;padding-left : 0px !important;margin-left : 11.52%;}@media only screen and (max-width:1024px) {.fusion-body .fusion-builder-column-6{width:100% !important;}.fusion-builder-column-6 > .fusion-column-wrapper {margin-right : 1.92%;margin-left : 1.92%;}}@media only screen and (max-width:640px) {.fusion-body .fusion-builder-column-6{width:100% !important;}.fusion-builder-column-6 > .fusion-column-wrapper {margin-right : 1.92%;margin-left : 1.92%;}}<\/style><\/div><\/div><style type=\"text\/css\">.fusion-body .fusion-flex-container.fusion-builder-row-3{ padding-top : 12%;margin-top : 0px;padding-right : 0px;padding-bottom : 10%;margin-bottom : 0px;padding-left : 0px;}<\/style><\/div><\/p>","protected":false},"excerpt":{"rendered":"","protected":false},"author":1,"featured_media":0,"parent":0,"menu_order":0,"comment_status":"closed","ping_status":"closed","template":"100-width.php","meta":{"footnotes":""},"yoast_head":"<!-- This site is optimized with the Yoast SEO plugin v22.7 - https:\/\/yoast.com\/wordpress\/plugins\/seo\/ -->\n<title>Veranstaltungen - Music4lovers<\/title>\n<meta name=\"description\" content=\"Die unersch\u00f6pfliche Anzahl der Titel die wir darbieten k\u00f6nnen, erm\u00f6glicht uns immer ein Programm zu gestalten, das perfekt auf die Bed\u00fcrfnisse unserer Business\u00a0 Partner, sei es eine Firma oder seien Privatkunden zugeschnitten wird.\u00a0Zusammen k\u00f6nnen wir die richtige Atmosph\u00e4re schaffen, in der Menschen die gemeinsame Zeit am sch\u00f6nsten genie\u00dfen k\u00f6nnen.\" \/>\n<meta name=\"robots\" content=\"index, follow, max-snippet:-1, max-image-preview:large, max-video-preview:-1\" \/>\n<link rel=\"canonical\" href=\"http:\/\/music4lovers.de\/en\/veranstaltungen\/\" \/>\n<meta property=\"og:locale\" content=\"en_GB\" \/>\n<meta property=\"og:type\" content=\"article\" \/>\n<meta property=\"og:title\" content=\"Veranstaltungen - Music4lovers\" \/>\n<meta property=\"og:description\" content=\"Die unersch\u00f6pfliche Anzahl der Titel die wir darbieten k\u00f6nnen, erm\u00f6glicht uns immer ein Programm zu gestalten, das perfekt auf die Bed\u00fcrfnisse unserer Business\u00a0 Partner, sei es eine Firma oder seien Privatkunden zugeschnitten wird.\u00a0Zusammen k\u00f6nnen wir die richtige Atmosph\u00e4re schaffen, in der Menschen die gemeinsame Zeit am sch\u00f6nsten genie\u00dfen k\u00f6nnen.\" \/>\n<meta property=\"og:url\" content=\"http:\/\/music4lovers.de\/en\/veranstaltungen\/\" \/>\n<meta property=\"og:site_name\" content=\"Music4lovers\" \/>\n<meta property=\"article:modified_time\" content=\"2022-10-26T20:36:19+00:00\" \/>\n<meta name=\"twitter:card\" content=\"summary_large_image\" \/>\n<meta name=\"twitter:label1\" content=\"Estimated reading time\" \/>\n\t<meta name=\"twitter:data1\" content=\"7 minutes\" \/>\n<script type=\"application\/ld+json\" class=\"yoast-schema-graph\">{\"@context\":\"https:\/\/schema.org\",\"@graph\":[{\"@type\":\"WebPage\",\"@id\":\"http:\/\/music4lovers.de\/veranstaltungen\/\",\"url\":\"http:\/\/music4lovers.de\/veranstaltungen\/\",\"name\":\"Veranstaltungen - Music4lovers\",\"isPartOf\":{\"@id\":\"http:\/\/music4lovers.de\/#website\"},\"datePublished\":\"2016-07-14T12:01:37+00:00\",\"dateModified\":\"2022-10-26T20:36:19+00:00\",\"description\":\"Die unersch\u00f6pfliche Anzahl der Titel die wir darbieten k\u00f6nnen, erm\u00f6glicht uns immer ein Programm zu gestalten, das perfekt auf die Bed\u00fcrfnisse unserer Business\u00a0 Partner, sei es eine Firma oder seien Privatkunden zugeschnitten wird.\u00a0Zusammen k\u00f6nnen wir die richtige Atmosph\u00e4re schaffen, in der Menschen die gemeinsame Zeit am sch\u00f6nsten genie\u00dfen k\u00f6nnen.\",\"breadcrumb\":{\"@id\":\"http:\/\/music4lovers.de\/veranstaltungen\/#breadcrumb\"},\"inLanguage\":\"en-GB\",\"potentialAction\":[{\"@type\":\"ReadAction\",\"target\":[\"http:\/\/music4lovers.de\/veranstaltungen\/\"]}]},{\"@type\":\"BreadcrumbList\",\"@id\":\"http:\/\/music4lovers.de\/veranstaltungen\/#breadcrumb\",\"itemListElement\":[{\"@type\":\"ListItem\",\"position\":1,\"name\":\"Home\",\"item\":\"http:\/\/music4lovers.de\/\"},{\"@type\":\"ListItem\",\"position\":2,\"name\":\"Veranstaltungen\"}]},{\"@type\":\"WebSite\",\"@id\":\"http:\/\/music4lovers.de\/#website\",\"url\":\"http:\/\/music4lovers.de\/\",\"name\":\"Music4lovers\",\"description\":\"Die richtige Musik f\u00fcr Dein Event!\",\"potentialAction\":[{\"@type\":\"SearchAction\",\"target\":{\"@type\":\"EntryPoint\",\"urlTemplate\":\"http:\/\/music4lovers.de\/?s={search_term_string}\"},\"query-input\":\"required name=search_term_string\"}],\"inLanguage\":\"en-GB\"}]}<\/script>\n<!-- \/ Yoast SEO plugin. -->","yoast_head_json":{"title":"Veranstaltungen - Music4lovers","description":"Die unersch\u00f6pfliche Anzahl der Titel die wir darbieten k\u00f6nnen, erm\u00f6glicht uns immer ein Programm zu gestalten, das perfekt auf die Bed\u00fcrfnisse unserer Business\u00a0 Partner, sei es eine Firma oder seien Privatkunden zugeschnitten wird.\u00a0Zusammen k\u00f6nnen wir die richtige Atmosph\u00e4re schaffen, in der Menschen die gemeinsame Zeit am sch\u00f6nsten genie\u00dfen k\u00f6nnen.","robots":{"index":"index","follow":"follow","max-snippet":"max-snippet:-1","max-image-preview":"max-image-preview:large","max-video-preview":"max-video-preview:-1"},"canonical":"http:\/\/music4lovers.de\/en\/veranstaltungen\/","og_locale":"en_GB","og_type":"article","og_title":"Veranstaltungen - Music4lovers","og_description":"Die unersch\u00f6pfliche Anzahl der Titel die wir darbieten k\u00f6nnen, erm\u00f6glicht uns immer ein Programm zu gestalten, das perfekt auf die Bed\u00fcrfnisse unserer Business\u00a0 Partner, sei es eine Firma oder seien Privatkunden zugeschnitten wird.\u00a0Zusammen k\u00f6nnen wir die richtige Atmosph\u00e4re schaffen, in der Menschen die gemeinsame Zeit am sch\u00f6nsten genie\u00dfen k\u00f6nnen.","og_url":"http:\/\/music4lovers.de\/en\/veranstaltungen\/","og_site_name":"Music4lovers","article_modified_time":"2022-10-26T20:36:19+00:00","twitter_card":"summary_large_image","twitter_misc":{"Estimated reading time":"7 minutes"},"schema":{"@context":"https:\/\/schema.org","@graph":[{"@type":"WebPage","@id":"http:\/\/music4lovers.de\/veranstaltungen\/","url":"http:\/\/music4lovers.de\/veranstaltungen\/","name":"Veranstaltungen - Music4lovers","isPartOf":{"@id":"http:\/\/music4lovers.de\/#website"},"datePublished":"2016-07-14T12:01:37+00:00","dateModified":"2022-10-26T20:36:19+00:00","description":"Die unersch\u00f6pfliche Anzahl der Titel die wir darbieten k\u00f6nnen, erm\u00f6glicht uns immer ein Programm zu gestalten, das perfekt auf die Bed\u00fcrfnisse unserer Business\u00a0 Partner, sei es eine Firma oder seien Privatkunden zugeschnitten wird.\u00a0Zusammen k\u00f6nnen wir die richtige Atmosph\u00e4re schaffen, in der Menschen die gemeinsame Zeit am sch\u00f6nsten genie\u00dfen k\u00f6nnen.","breadcrumb":{"@id":"http:\/\/music4lovers.de\/veranstaltungen\/#breadcrumb"},"inLanguage":"en-GB","potentialAction":[{"@type":"ReadAction","target":["http:\/\/music4lovers.de\/veranstaltungen\/"]}]},{"@type":"BreadcrumbList","@id":"http:\/\/music4lovers.de\/veranstaltungen\/#breadcrumb","itemListElement":[{"@type":"ListItem","position":1,"name":"Home","item":"http:\/\/music4lovers.de\/"},{"@type":"ListItem","position":2,"name":"Veranstaltungen"}]},{"@type":"WebSite","@id":"http:\/\/music4lovers.de\/#website","url":"http:\/\/music4lovers.de\/","name":"Music4lovers","description":"The right music for your event!","potentialAction":[{"@type":"SearchAction","target":{"@type":"EntryPoint","urlTemplate":"http:\/\/music4lovers.de\/?s={search_term_string}"},"query-input":"required name=search_term_string"}],"inLanguage":"en-GB"}]}},"_links":{"self":[{"href":"http:\/\/music4lovers.de\/en\/wp-json\/wp\/v2\/pages\/12"}],"collection":[{"href":"http:\/\/music4lovers.de\/en\/wp-json\/wp\/v2\/pages"}],"about":[{"href":"http:\/\/music4lovers.de\/en\/wp-json\/wp\/v2\/types\/page"}],"author":[{"embeddable":true,"href":"http:\/\/music4lovers.de\/en\/wp-json\/wp\/v2\/users\/1"}],"replies":[{"embeddable":true,"href":"http:\/\/music4lovers.de\/en\/wp-json\/wp\/v2\/comments?post=12"}],"version-history":[{"count":31,"href":"http:\/\/music4lovers.de\/en\/wp-json\/wp\/v2\/pages\/12\/revisions"}],"predecessor-version":[{"id":1944,"href":"http:\/\/music4lovers.de\/en\/wp-json\/wp\/v2\/pages\/12\/revisions\/1944"}],"wp:attachment":[{"href":"http:\/\/music4lovers.de\/en\/wp-json\/wp\/v2\/media?parent=12"}],"curies":[{"name":"wp","href":"https:\/\/api.w.org\/{rel}","templated":true}]}}